{"id":1798,"date":"2025-07-21T14:02:26","date_gmt":"2025-07-21T14:02:26","guid":{"rendered":"https:\/\/ranlong.ca\/services\/residential-and-commercial-construction\/"},"modified":"2025-12-11T15:24:27","modified_gmt":"2025-12-11T15:24:27","slug":"residential-and-commercial-construction","status":"publish","type":"page","link":"https:\/\/ranlong.ca\/en\/services\/residential-and-commercial-construction\/","title":{"rendered":"Residential and Commercial Construction"},"content":{"rendered":"\t\t<div data-elementor-type=\"wp-page\" data-elementor-id=\"1798\" class=\"elementor elementor-1798 elementor-40\" data-elementor-post-type=\"page\">\n\t\t\t\t<div class=\"elementor-element elementor-element-45c0d32 e-flex e-con-boxed e-con e-parent\" data-id=\"45c0d32\" data-element_type=\"container\" data-settings=\"{&quot;jet_parallax_layout_list&quot;:[]}\">\n\t\t\t\t\t<div class=\"e-con-inner\">\n\t\t\t\t<div class=\"elementor-element elementor-element-c67d4b0 elementor-widget-tablet__width-initial elementor-widget-mobile__width-inherit elementor-invisible elementor-widget elementor-widget-text-editor\" data-id=\"c67d4b0\" data-element_type=\"widget\" data-settings=\"{&quot;_animation&quot;:&quot;fadeInUp&quot;}\" data-widget_type=\"text-editor.default\">\n\t\t\t\t\t\t\t\t\t<p>ON S\u2019APPELLE. ON D\u00c9JEUNE. ON DESIGN.  <\/p>\t\t\t\t\t\t\t\t<\/div>\n\t\t\t\t<div class=\"elementor-element elementor-element-f68527e elementor-widget elementor-widget-heading\" data-id=\"f68527e\" data-element_type=\"widget\" data-widget_type=\"heading.default\">\n\t\t\t\t\t<h3 class=\"elementor-heading-title elementor-size-default\">...<\/h3>\t\t\t\t<\/div>\n\t\t\t\t<div class=\"elementor-element elementor-element-a9378ca elementor-widget elementor-widget-text-editor\" data-id=\"a9378ca\" data-element_type=\"widget\" data-widget_type=\"text-editor.default\">\n\t\t\t\t\t\t\t\t\t<p>Chez K&amp;M Design, on croit que le meilleur point de d\u00e9part, c\u2019est une vraie bonne jasette. On prend le temps de vous conna\u00eetre, de comprendre vos besoins (et vos envies!), puis on met notre cr\u00e9ativit\u00e9 en action pour concevoir un espace qui vous ressemble \u00e0 100%. <\/p><p>Notre \u00e9quipe est humaine, attentionn\u00e9e et passionn\u00e9e. Ce qui nous allume? Trouver des id\u00e9es fut\u00e9es et concr\u00e8tes qui transforment votre quotidien \u2013 jamais compliqu\u00e9es ni d\u00e9connect\u00e9es de vos besoins.  <\/p><p>On fait les choses simplement, mais avec intention. Du design qui a du sens, du style et du c\u0153ur. <\/p>\t\t\t\t\t\t\t\t<\/div>\n\t\t\t\t\t<\/div>\n\t\t\t\t<\/div>\n\t\t\t\t<\/div>\n\t\t","protected":false},"excerpt":{"rendered":"<p>ON S\u2019APPELLE. ON D\u00c9JEUNE. ON DESIGN. &#8230; Chez K&amp;M Design, on croit que le meilleur point de d\u00e9part, c\u2019est une vraie bonne jasette. On prend le temps de vous conna\u00eetre, de comprendre vos besoins (et vos envies!), puis on met notre cr\u00e9ativit\u00e9 en action pour concevoir un espace qui vous ressemble \u00e0 100%. Notre \u00e9quipe [&hellip;]<\/p>\n","protected":false},"author":4,"featured_media":1851,"parent":1794,"menu_order":5,"comment_status":"closed","ping_status":"closed","template":"","meta":{"footnotes":""},"class_list":["post-1798","page","type-page","status-publish","has-post-thumbnail","hentry"],"yoast_head":"<!-- This site is optimized with the Yoast SEO plugin v27.5 - https:\/\/yoast.com\/product\/yoast-seo-wordpress\/ -->\n<title>Residential and Commercial Construction - Ranlong - Entrepreneur g\u00e9n\u00e9ral<\/title>\n<meta name=\"robots\" content=\"index, follow, max-snippet:-1, max-image-preview:large, max-video-preview:-1\" \/>\n<link rel=\"canonical\" href=\"https:\/\/ranlong.ca\/en\/services\/residential-and-commercial-construction\/\" \/>\n<meta property=\"og:locale\" content=\"en_US\" \/>\n<meta property=\"og:type\" content=\"article\" \/>\n<meta property=\"og:title\" content=\"Residential and Commercial Construction - Ranlong - Entrepreneur g\u00e9n\u00e9ral\" \/>\n<meta property=\"og:description\" content=\"ON S\u2019APPELLE. ON D\u00c9JEUNE. ON DESIGN. &#8230; Chez K&amp;M Design, on croit que le meilleur point de d\u00e9part, c\u2019est une vraie bonne jasette. On prend le temps de vous conna\u00eetre, de comprendre vos besoins (et vos envies!), puis on met notre cr\u00e9ativit\u00e9 en action pour concevoir un espace qui vous ressemble \u00e0 100%. Notre \u00e9quipe [&hellip;]\" \/>\n<meta property=\"og:url\" content=\"https:\/\/ranlong.ca\/en\/services\/residential-and-commercial-construction\/\" \/>\n<meta property=\"og:site_name\" content=\"Ranlong - Entrepreneur g\u00e9n\u00e9ral\" \/>\n<meta property=\"article:modified_time\" content=\"2025-12-11T15:24:27+00:00\" \/>\n<meta property=\"og:image\" content=\"https:\/\/ranlong.ca\/wp-content\/uploads\/2025\/09\/img-top-construction-res.jpg\" \/>\n\t<meta property=\"og:image:width\" content=\"1920\" \/>\n\t<meta property=\"og:image:height\" content=\"900\" \/>\n\t<meta property=\"og:image:type\" content=\"image\/jpeg\" \/>\n<meta name=\"twitter:card\" content=\"summary_large_image\" \/>\n<meta name=\"twitter:label1\" content=\"Est. reading time\" \/>\n\t<meta name=\"twitter:data1\" content=\"1 minute\" \/>\n<script type=\"application\/ld+json\" class=\"yoast-schema-graph\">{\"@context\":\"https:\\\/\\\/schema.org\",\"@graph\":[{\"@type\":\"WebPage\",\"@id\":\"https:\\\/\\\/ranlong.ca\\\/en\\\/services\\\/residential-and-commercial-construction\\\/\",\"url\":\"https:\\\/\\\/ranlong.ca\\\/en\\\/services\\\/residential-and-commercial-construction\\\/\",\"name\":\"Residential and Commercial Construction - Ranlong - Entrepreneur g\u00e9n\u00e9ral\",\"isPartOf\":{\"@id\":\"https:\\\/\\\/ranlong.ca\\\/en\\\/#website\"},\"primaryImageOfPage\":{\"@id\":\"https:\\\/\\\/ranlong.ca\\\/en\\\/services\\\/residential-and-commercial-construction\\\/#primaryimage\"},\"image\":{\"@id\":\"https:\\\/\\\/ranlong.ca\\\/en\\\/services\\\/residential-and-commercial-construction\\\/#primaryimage\"},\"thumbnailUrl\":\"https:\\\/\\\/ranlong.ca\\\/wp-content\\\/uploads\\\/2025\\\/09\\\/img-top-construction-res.jpg\",\"datePublished\":\"2025-07-21T14:02:26+00:00\",\"dateModified\":\"2025-12-11T15:24:27+00:00\",\"breadcrumb\":{\"@id\":\"https:\\\/\\\/ranlong.ca\\\/en\\\/services\\\/residential-and-commercial-construction\\\/#breadcrumb\"},\"inLanguage\":\"en-US\",\"potentialAction\":[{\"@type\":\"ReadAction\",\"target\":[\"https:\\\/\\\/ranlong.ca\\\/en\\\/services\\\/residential-and-commercial-construction\\\/\"]}]},{\"@type\":\"ImageObject\",\"inLanguage\":\"en-US\",\"@id\":\"https:\\\/\\\/ranlong.ca\\\/en\\\/services\\\/residential-and-commercial-construction\\\/#primaryimage\",\"url\":\"https:\\\/\\\/ranlong.ca\\\/wp-content\\\/uploads\\\/2025\\\/09\\\/img-top-construction-res.jpg\",\"contentUrl\":\"https:\\\/\\\/ranlong.ca\\\/wp-content\\\/uploads\\\/2025\\\/09\\\/img-top-construction-res.jpg\",\"width\":1920,\"height\":900},{\"@type\":\"BreadcrumbList\",\"@id\":\"https:\\\/\\\/ranlong.ca\\\/en\\\/services\\\/residential-and-commercial-construction\\\/#breadcrumb\",\"itemListElement\":[{\"@type\":\"ListItem\",\"position\":1,\"name\":\"Home\",\"item\":\"https:\\\/\\\/ranlong.ca\\\/en\\\/home\\\/\"},{\"@type\":\"ListItem\",\"position\":2,\"name\":\"Services\",\"item\":\"https:\\\/\\\/ranlong.ca\\\/en\\\/services\\\/\"},{\"@type\":\"ListItem\",\"position\":3,\"name\":\"Residential and Commercial Construction\"}]},{\"@type\":\"WebSite\",\"@id\":\"https:\\\/\\\/ranlong.ca\\\/en\\\/#website\",\"url\":\"https:\\\/\\\/ranlong.ca\\\/en\\\/\",\"name\":\"Ranlong - Entrepreneur g\u00e9n\u00e9ral\",\"description\":\"\",\"publisher\":{\"@id\":\"https:\\\/\\\/ranlong.ca\\\/en\\\/#organization\"},\"potentialAction\":[{\"@type\":\"SearchAction\",\"target\":{\"@type\":\"EntryPoint\",\"urlTemplate\":\"https:\\\/\\\/ranlong.ca\\\/en\\\/?s={search_term_string}\"},\"query-input\":{\"@type\":\"PropertyValueSpecification\",\"valueRequired\":true,\"valueName\":\"search_term_string\"}}],\"inLanguage\":\"en-US\"},{\"@type\":\"Organization\",\"@id\":\"https:\\\/\\\/ranlong.ca\\\/en\\\/#organization\",\"name\":\"Ranlong - Entrepreneur g\u00e9n\u00e9ral\",\"url\":\"https:\\\/\\\/ranlong.ca\\\/en\\\/\",\"logo\":{\"@type\":\"ImageObject\",\"inLanguage\":\"en-US\",\"@id\":\"https:\\\/\\\/ranlong.ca\\\/en\\\/#\\\/schema\\\/logo\\\/image\\\/\",\"url\":\"https:\\\/\\\/ranlong.ca\\\/wp-content\\\/uploads\\\/2025\\\/12\\\/Logo-ranlong_EN.svg\",\"contentUrl\":\"https:\\\/\\\/ranlong.ca\\\/wp-content\\\/uploads\\\/2025\\\/12\\\/Logo-ranlong_EN.svg\",\"width\":363.57,\"height\":220.33,\"caption\":\"Ranlong - Entrepreneur g\u00e9n\u00e9ral\"},\"image\":{\"@id\":\"https:\\\/\\\/ranlong.ca\\\/en\\\/#\\\/schema\\\/logo\\\/image\\\/\"}}]}<\/script>\n<!-- \/ Yoast SEO plugin. -->","yoast_head_json":{"title":"Residential and Commercial Construction - Ranlong - Entrepreneur g\u00e9n\u00e9ral","robots":{"index":"index","follow":"follow","max-snippet":"max-snippet:-1","max-image-preview":"max-image-preview:large","max-video-preview":"max-video-preview:-1"},"canonical":"https:\/\/ranlong.ca\/en\/services\/residential-and-commercial-construction\/","og_locale":"en_US","og_type":"article","og_title":"Residential and Commercial Construction - Ranlong - Entrepreneur g\u00e9n\u00e9ral","og_description":"ON S\u2019APPELLE. ON D\u00c9JEUNE. ON DESIGN. &#8230; Chez K&amp;M Design, on croit que le meilleur point de d\u00e9part, c\u2019est une vraie bonne jasette. On prend le temps de vous conna\u00eetre, de comprendre vos besoins (et vos envies!), puis on met notre cr\u00e9ativit\u00e9 en action pour concevoir un espace qui vous ressemble \u00e0 100%. Notre \u00e9quipe [&hellip;]","og_url":"https:\/\/ranlong.ca\/en\/services\/residential-and-commercial-construction\/","og_site_name":"Ranlong - Entrepreneur g\u00e9n\u00e9ral","article_modified_time":"2025-12-11T15:24:27+00:00","og_image":[{"width":1920,"height":900,"url":"https:\/\/ranlong.ca\/wp-content\/uploads\/2025\/09\/img-top-construction-res.jpg","type":"image\/jpeg"}],"twitter_card":"summary_large_image","twitter_misc":{"Est. reading time":"1 minute"},"schema":{"@context":"https:\/\/schema.org","@graph":[{"@type":"WebPage","@id":"https:\/\/ranlong.ca\/en\/services\/residential-and-commercial-construction\/","url":"https:\/\/ranlong.ca\/en\/services\/residential-and-commercial-construction\/","name":"Residential and Commercial Construction - Ranlong - Entrepreneur g\u00e9n\u00e9ral","isPartOf":{"@id":"https:\/\/ranlong.ca\/en\/#website"},"primaryImageOfPage":{"@id":"https:\/\/ranlong.ca\/en\/services\/residential-and-commercial-construction\/#primaryimage"},"image":{"@id":"https:\/\/ranlong.ca\/en\/services\/residential-and-commercial-construction\/#primaryimage"},"thumbnailUrl":"https:\/\/ranlong.ca\/wp-content\/uploads\/2025\/09\/img-top-construction-res.jpg","datePublished":"2025-07-21T14:02:26+00:00","dateModified":"2025-12-11T15:24:27+00:00","breadcrumb":{"@id":"https:\/\/ranlong.ca\/en\/services\/residential-and-commercial-construction\/#breadcrumb"},"inLanguage":"en-US","potentialAction":[{"@type":"ReadAction","target":["https:\/\/ranlong.ca\/en\/services\/residential-and-commercial-construction\/"]}]},{"@type":"ImageObject","inLanguage":"en-US","@id":"https:\/\/ranlong.ca\/en\/services\/residential-and-commercial-construction\/#primaryimage","url":"https:\/\/ranlong.ca\/wp-content\/uploads\/2025\/09\/img-top-construction-res.jpg","contentUrl":"https:\/\/ranlong.ca\/wp-content\/uploads\/2025\/09\/img-top-construction-res.jpg","width":1920,"height":900},{"@type":"BreadcrumbList","@id":"https:\/\/ranlong.ca\/en\/services\/residential-and-commercial-construction\/#breadcrumb","itemListElement":[{"@type":"ListItem","position":1,"name":"Home","item":"https:\/\/ranlong.ca\/en\/home\/"},{"@type":"ListItem","position":2,"name":"Services","item":"https:\/\/ranlong.ca\/en\/services\/"},{"@type":"ListItem","position":3,"name":"Residential and Commercial Construction"}]},{"@type":"WebSite","@id":"https:\/\/ranlong.ca\/en\/#website","url":"https:\/\/ranlong.ca\/en\/","name":"Ranlong - Entrepreneur g\u00e9n\u00e9ral","description":"","publisher":{"@id":"https:\/\/ranlong.ca\/en\/#organization"},"potentialAction":[{"@type":"SearchAction","target":{"@type":"EntryPoint","urlTemplate":"https:\/\/ranlong.ca\/en\/?s={search_term_string}"},"query-input":{"@type":"PropertyValueSpecification","valueRequired":true,"valueName":"search_term_string"}}],"inLanguage":"en-US"},{"@type":"Organization","@id":"https:\/\/ranlong.ca\/en\/#organization","name":"Ranlong - Entrepreneur g\u00e9n\u00e9ral","url":"https:\/\/ranlong.ca\/en\/","logo":{"@type":"ImageObject","inLanguage":"en-US","@id":"https:\/\/ranlong.ca\/en\/#\/schema\/logo\/image\/","url":"https:\/\/ranlong.ca\/wp-content\/uploads\/2025\/12\/Logo-ranlong_EN.svg","contentUrl":"https:\/\/ranlong.ca\/wp-content\/uploads\/2025\/12\/Logo-ranlong_EN.svg","width":363.57,"height":220.33,"caption":"Ranlong - Entrepreneur g\u00e9n\u00e9ral"},"image":{"@id":"https:\/\/ranlong.ca\/en\/#\/schema\/logo\/image\/"}}]}},"_links":{"self":[{"href":"https:\/\/ranlong.ca\/en\/wp-json\/wp\/v2\/pages\/1798","targetHints":{"allow":["GET"]}}],"collection":[{"href":"https:\/\/ranlong.ca\/en\/wp-json\/wp\/v2\/pages"}],"about":[{"href":"https:\/\/ranlong.ca\/en\/wp-json\/wp\/v2\/types\/page"}],"author":[{"embeddable":true,"href":"https:\/\/ranlong.ca\/en\/wp-json\/wp\/v2\/users\/4"}],"replies":[{"embeddable":true,"href":"https:\/\/ranlong.ca\/en\/wp-json\/wp\/v2\/comments?post=1798"}],"version-history":[{"count":2,"href":"https:\/\/ranlong.ca\/en\/wp-json\/wp\/v2\/pages\/1798\/revisions"}],"predecessor-version":[{"id":1808,"href":"https:\/\/ranlong.ca\/en\/wp-json\/wp\/v2\/pages\/1798\/revisions\/1808"}],"up":[{"embeddable":true,"href":"https:\/\/ranlong.ca\/en\/wp-json\/wp\/v2\/pages\/1794"}],"wp:featuredmedia":[{"embeddable":true,"href":"https:\/\/ranlong.ca\/en\/wp-json\/wp\/v2\/media\/1851"}],"wp:attachment":[{"href":"https:\/\/ranlong.ca\/en\/wp-json\/wp\/v2\/media?parent=1798"}],"curies":[{"name":"wp","href":"https:\/\/api.w.org\/{rel}","templated":true}]}}